{"id":128,"date":"2023-04-18T13:35:59","date_gmt":"2023-04-18T13:35:59","guid":{"rendered":"https:\/\/www.mondeoturkiye.com\/?post_type=product&#038;p=128"},"modified":"2025-12-19T09:03:24","modified_gmt":"2025-12-19T09:03:24","slug":"mondeo-mk3-multimedia-2001-2003-2ram-32-hafiza","status":"publish","type":"product","link":"https:\/\/www.mondeoturkiye.com\/?product=mondeo-mk3-multimedia-2001-2003-2ram-32-hafiza","title":{"rendered":"MONDEO MK3 MULT\u0130MED\u0130A (2001-2003) 2 RAM &#8211; 32 HAFIZA ANDROID TEYP"},"content":{"rendered":"<p>MONTAJ A\u015eAMASIN DA \u00dcCRETS\u0130Z TELEFON VE G\u00d6R\u00dcNT\u00dcL\u00dc ARAMA \u0130LE TEKN\u0130K DESTEK<br \/>\n&gt;<strong>GER\u0130 G\u00d6R\u00dc\u015e KAMERA HED\u0130YEL\u0130<\/strong><br \/>\n&gt; <strong>ORJ\u0130NAL FORD TEYP VE RADYO SOKET\u0130<\/strong><br \/>\n&gt;9 \u0130NC 2 GB RAM 32 GB HAFIZA ANDRO\u0130D YEN\u0130 NES\u0130L \u0130\u015eLEMC\u0130<br \/>\n&gt;<strong>D\u0130REKS\u0130YON KUMANDA UYUMU<\/strong><br \/>\n&gt;QUAD CORE 4 \u00c7EK\u0130RDEK \u0130\u015eLEMC\u0130<br \/>\n&gt;SAMSUNG DDR3 2 Gb RAM<br \/>\n&gt;GOOGLE \u00dcZER\u0130NDEN SESL\u0130 ARAMA<br \/>\n&gt;NAV\u0130GASYON KULLANIMI<br \/>\n&gt;\u0130OS &#8211; ANDRO\u0130D UYUMLU TELEFONDAN KABLOSUZ G\u00d6R\u00dcNT\u00dc AKTARMA<br \/>\n&gt;TELEFON \u00dcZER\u0130NDEN W\u0130F\u0130 PAYLA\u015eIMI \u0130LE \u0130NTERNET KULLANIMI<br \/>\n&gt;<strong>HIGH DEFINITION 1080 P FULL HD IPS EKRAN<\/strong><br \/>\n&gt;16:9 HASSAS \u00dcST\u00dcN HIZLI DOKUNMAT\u0130K EKRAN<br \/>\n&gt;EKRAN ARKA PLANI DE\u011e\u0130\u015eT\u0130REB\u0130LME<br \/>\n&gt;HIZLI KONUMLAMA YAPAB\u0130LEN NAV\u0130GASYON<br \/>\n&gt;BLUETOOTH \u00dcZER\u0130NDEN G\u00d6R\u00dc\u015eME YAPAB\u0130LME<br \/>\n&gt;REHBER AKTARIMI TELEFON G\u00d6R\u00dc\u015eMES\u0130<br \/>\n&gt; 2 adet 2.0 USB\u00a0 \u00dcZER\u0130NDEN HIZLI V\u0130DEO, M\u00dcZ\u0130K<br \/>\nVE FOTO\u011eRAF OYNATMA<br \/>\n&gt;S\u00dcPER HIZLI USB \u00dcZER\u0130NDEN V\u0130DEO,<br \/>\nM\u00dcZ\u0130K VE FOTO\u011eRAF OYNATMA<br \/>\n&gt;4\u00d755 WATT STEREO Y\u00dcKSEK SES \u00c7IKI\u015eI ve EQUALIZER<br \/>\n&gt;EK MON\u0130T\u00d6R veya KAFALIK V\u0130DEO \u00c7IKI\u015eI<br \/>\n&gt;V\u0130DEO &#8211; SES AUX G\u0130R\u0130\u015e\u0130<br \/>\n&gt;HIZLI GE\u00c7\u0130\u015e SA\u011eLAYAN GER\u0130 G\u00d6R\u00dc\u015e KAMERASI<br \/>\n&gt;2 AMF\u0130 \u00c7IKI\u015eI 1 SUBWOOFER \u00c7IKI\u015eI 1 M\u0130KROFON 1 \u00c7\u0130FT AUX G\u0130R\u0130\u015e\u0130 1 ADET \u00d6N KAMERA G\u0130R\u0130\u015e\u0130 1 ADET GER\u0130 G\u00d6R\u00dc\u015e KAMERA G\u0130R\u0130\u015e\u0130 + 1 V\u0130DEO \u00c7IKI\u015eI<\/p>\n<p>GENEL ANLATIM:<\/p>\n<p>*2 YIL GARANT\u0130L\u0130<br \/>\n\u0130STED\u0130\u011e\u0130N\u0130Z G\u0130B\u0130 SES S\u0130STEM\u0130 BA\u011eLAYAB\u0130L\u0130R,<br \/>\n\u00c7OK KANALLI ETK\u0130N SO\u011eUTMA S\u0130STEM\u0130 SAYES\u0130NDE<\/p>\n<p>DONMA KASMA ISINMA G\u0130B\u0130 SORUNLARLA KAR\u015eILA\u015eMADAN KULLANAB\u0130LECE\u011e\u0130N\u0130Z PREM\u0130UM PAKET MULTIMED\u0130A NAV\u0130GASYON TEYP.<\/p>\n","protected":false},"excerpt":{"rendered":"<p>This is a simple product.<\/p>\n","protected":false},"featured_media":125,"comment_status":"open","ping_status":"closed","template":"","meta":{"_joinchat":[]},"product_brand":[],"product_cat":[32,25],"product_tag":[33,35,34],"class_list":{"0":"post-128","1":"product","2":"type-product","3":"status-publish","4":"has-post-thumbnail","6":"product_cat-mk1","7":"product_cat-teyp","8":"product_tag-android","9":"product_tag-mondeo","10":"product_tag-teyp","12":"first","13":"instock","14":"shipping-taxable","15":"purchasable","16":"product-type-simple"},"jetpack_sharing_enabled":true,"_links":{"self":[{"href":"https:\/\/www.mondeoturkiye.com\/index.php?rest_route=\/wp\/v2\/product\/128","targetHints":{"allow":["GET"]}}],"collection":[{"href":"https:\/\/www.mondeoturkiye.com\/index.php?rest_route=\/wp\/v2\/product"}],"about":[{"href":"https:\/\/www.mondeoturkiye.com\/index.php?rest_route=\/wp\/v2\/types\/product"}],"replies":[{"embeddable":true,"href":"https:\/\/www.mondeoturkiye.com\/index.php?rest_route=%2Fwp%2Fv2%2Fcomments&post=128"}],"wp:featuredmedia":[{"embeddable":true,"href":"https:\/\/www.mondeoturkiye.com\/index.php?rest_route=\/wp\/v2\/media\/125"}],"wp:attachment":[{"href":"https:\/\/www.mondeoturkiye.com\/index.php?rest_route=%2Fwp%2Fv2%2Fmedia&parent=128"}],"wp:term":[{"taxonomy":"product_brand","embeddable":true,"href":"https:\/\/www.mondeoturkiye.com\/index.php?rest_route=%2Fwp%2Fv2%2Fproduct_brand&post=128"},{"taxonomy":"product_cat","embeddable":true,"href":"https:\/\/www.mondeoturkiye.com\/index.php?rest_route=%2Fwp%2Fv2%2Fproduct_cat&post=128"},{"taxonomy":"product_tag","embeddable":true,"href":"https:\/\/www.mondeoturkiye.com\/index.php?rest_route=%2Fwp%2Fv2%2Fproduct_tag&post=128"}],"curies":[{"name":"wp","href":"https:\/\/api.w.org\/{rel}","templated":true}]}}