{"id":278,"date":"2023-04-26T10:24:20","date_gmt":"2023-04-26T10:24:20","guid":{"rendered":"https:\/\/www.mondeoturkiye.com\/?post_type=product&#038;p=278"},"modified":"2025-06-24T09:51:04","modified_gmt":"2025-06-24T09:51:04","slug":"mondeo-mk3-mercekli-far-mercek-buyutme-ve-temzilik-islemi","status":"publish","type":"product","link":"https:\/\/www.mondeoturkiye.com\/?product=mondeo-mk3-mercekli-far-mercek-buyutme-ve-temzilik-islemi","title":{"rendered":"MONDEO MK3 MERCEKL\u0130 FAR MERCEK B\u00dcY\u00dcTME VE TEMZ\u0130L\u0130K \u0130\u015eLEM\u0130"},"content":{"rendered":"<p><strong>MONDEO MK3 ARA\u00c7LARIN KISA MERCEKL\u0130 FARLARI ARA\u00c7 YA\u015eI VE D2S AMP\u00dcL\u00dcN Y\u00dcKSEK ISI SEBEB\u0130 \u0130LE MERCEK AYNALARI YANMAKTADIR.<\/strong><\/p>\n<p><img fetchpriority=\"high\" decoding=\"async\" class=\"wp-image-279 aligncenter\" src=\"https:\/\/www.mondeoturkiye.com\/wp-content\/uploads\/2023\/04\/dd6baa18-bbcc-42e6-bbae-7a2d5c4c21de-kopya-300x167.jpg\" alt=\"\" width=\"404\" height=\"225\" srcset=\"https:\/\/www.mondeoturkiye.com\/wp-content\/uploads\/2023\/04\/dd6baa18-bbcc-42e6-bbae-7a2d5c4c21de-kopya-300x167.jpg 300w, https:\/\/www.mondeoturkiye.com\/wp-content\/uploads\/2023\/04\/dd6baa18-bbcc-42e6-bbae-7a2d5c4c21de-kopya-1024x570.jpg 1024w, https:\/\/www.mondeoturkiye.com\/wp-content\/uploads\/2023\/04\/dd6baa18-bbcc-42e6-bbae-7a2d5c4c21de-kopya-768x428.jpg 768w, https:\/\/www.mondeoturkiye.com\/wp-content\/uploads\/2023\/04\/dd6baa18-bbcc-42e6-bbae-7a2d5c4c21de-kopya-416x232.jpg 416w, https:\/\/www.mondeoturkiye.com\/wp-content\/uploads\/2023\/04\/dd6baa18-bbcc-42e6-bbae-7a2d5c4c21de-kopya.jpg 1155w\" sizes=\"(max-width: 404px) 100vw, 404px\" \/><\/p>\n<p><strong>MERCEK AYNASININ TAM\u0130R\u0130 M\u00dcMK\u00dcN DE\u011e\u0130LD\u0130R. BOYA VE YAPILAN KAPLAMALAR GE\u00c7\u0130C\u0130 \u00c7\u00d6Z\u00dcMD\u00dcR. AMP\u00dcL DE\u011e\u0130\u015e\u0130M\u0130 YAPSANIZ DAH\u0130, MERCEK AYNASI YANDI\u011eI \u0130\u00c7\u0130N \u0130STEN\u0130LEN YANSIMAYI SA\u011eLAMAZ.<\/strong><\/p>\n<p><img decoding=\"async\" class=\"wp-image-280 aligncenter\" src=\"https:\/\/www.mondeoturkiye.com\/wp-content\/uploads\/2023\/04\/DADASS-300x142.jpg\" alt=\"\" width=\"431\" height=\"204\" srcset=\"https:\/\/www.mondeoturkiye.com\/wp-content\/uploads\/2023\/04\/DADASS-300x142.jpg 300w, https:\/\/www.mondeoturkiye.com\/wp-content\/uploads\/2023\/04\/DADASS-416x197.jpg 416w, https:\/\/www.mondeoturkiye.com\/wp-content\/uploads\/2023\/04\/DADASS.jpg 768w\" sizes=\"(max-width: 431px) 100vw, 431px\" \/><strong>RES\u0130M DE G\u00d6R\u00dcLD\u00dc\u011e\u00dc G\u0130B\u0130 ORJ\u0130NAL MERCEK 1.5 INC BOYUTUNDADIR. YETERL\u0130 I\u015eIK DA\u011eILMASINI SA\u011eLAMAZ. BU SORUNUN TEK VE PROFOSYONEL \u00c7\u00d6Z\u00dcM\u00dc 3 INC HELLA MERCEK \u0130LE DE\u011e\u0130\u015e\u0130M SA\u011eLANARAK. HEM MERCEK DE\u011e\u0130\u015e\u0130M, MERCEK B\u00dcY\u00dcTME VE FARIN \u0130\u00c7 VE DI\u015e TEM\u0130ZL\u0130\u011e\u0130N\u0130N YAPILMASIDIR.<\/strong><img decoding=\"async\" class=\"wp-image-281 aligncenter\" src=\"https:\/\/www.mondeoturkiye.com\/wp-content\/uploads\/2023\/04\/4739df49-242b-4c65-9737-68d38727d7ed-kopya-300x159.jpg\" alt=\"\" width=\"385\" height=\"204\" srcset=\"https:\/\/www.mondeoturkiye.com\/wp-content\/uploads\/2023\/04\/4739df49-242b-4c65-9737-68d38727d7ed-kopya-300x159.jpg 300w, https:\/\/www.mondeoturkiye.com\/wp-content\/uploads\/2023\/04\/4739df49-242b-4c65-9737-68d38727d7ed-kopya-1024x543.jpg 1024w, https:\/\/www.mondeoturkiye.com\/wp-content\/uploads\/2023\/04\/4739df49-242b-4c65-9737-68d38727d7ed-kopya-768x407.jpg 768w, https:\/\/www.mondeoturkiye.com\/wp-content\/uploads\/2023\/04\/4739df49-242b-4c65-9737-68d38727d7ed-kopya-1536x815.jpg 1536w, https:\/\/www.mondeoturkiye.com\/wp-content\/uploads\/2023\/04\/4739df49-242b-4c65-9737-68d38727d7ed-kopya-1320x700.jpg 1320w, https:\/\/www.mondeoturkiye.com\/wp-content\/uploads\/2023\/04\/4739df49-242b-4c65-9737-68d38727d7ed-kopya-416x221.jpg 416w, https:\/\/www.mondeoturkiye.com\/wp-content\/uploads\/2023\/04\/4739df49-242b-4c65-9737-68d38727d7ed-kopya.jpg 2048w\" sizes=\"(max-width: 385px) 100vw, 385px\" \/><\/p>\n<p><strong>\u0130\u015eLEM B\u0130R G\u00dcN S\u00dcRMEKTED\u0130R. \u015eEH\u0130R DI\u015eINDAN YAPTIRMAK \u0130STEYENLER \u0130\u00c7\u0130N ANLA\u015eMALI KARGOMUZ MEVCUTTUR KARGO \u00dcCRET\u0130 ARA\u00c7 SAH\u0130B\u0130NE A\u0130TT\u0130R. F\u0130YATIMIZ \u00c7\u0130F FAR \u0130\u00c7\u0130N VER\u0130LM\u0130\u015eT\u0130R. FAR \u0130\u00c7 VE DI\u015e TEM\u0130ZL\u0130\u011e\u0130 YAPILMAKTADIR.<\/strong><\/p>\n<p style=\"text-align: center;\"><iframe title=\"YouTube video player\" src=\"https:\/\/www.youtube.com\/embed\/q-HfsgXe0Eg\" width=\"560\" height=\"315\" frameborder=\"0\" allowfullscreen=\"allowfullscreen\"><\/iframe><\/p>\n<p style=\"text-align: center;\"><iframe title=\"YouTube video player\" src=\"https:\/\/www.youtube.com\/embed\/VlciM99WLrE\" width=\"560\" height=\"315\" frameborder=\"0\" allowfullscreen=\"allowfullscreen\"><\/iframe><\/p>\n","protected":false},"excerpt":{"rendered":"<p>MONDEO MK3 ARA\u00c7LARIN KISA MERCEKL\u0130 FARLARI ARA\u00c7 YA\u015eI VE D2S AMP\u00dcL\u00dcN Y\u00dcKSEK ISI SEBEB\u0130 \u0130LE MERCEK AYNALARI YANMAKTADIR. MERCEK AYNASININ TAM\u0130R\u0130 M\u00dcMK\u00dcN DE\u011e\u0130LD\u0130R. BOYA VE YAPILAN KAPLAMALAR GE\u00c7\u0130C\u0130 \u00c7\u00d6Z\u00dcMD\u00dcR. AMP\u00dcL DE\u011e\u0130\u015e\u0130M\u0130 YAPSANIZ DAH\u0130, MERCEK AYNASI YANDI\u011eI \u0130\u00c7\u0130N \u0130STEN\u0130LEN YANSIMAYI SA\u011eLAMAZ. RES\u0130M DE G\u00d6R\u00dcLD\u00dc\u011e\u00dc G\u0130B\u0130 ORJ\u0130NAL MERCEK 1.5 INC BOYUTUNDADIR. YETERL\u0130 I\u015eIK DA\u011eILMASINI SA\u011eLAMAZ. BU SORUNUN [&hellip;]<\/p>\n","protected":false},"featured_media":282,"comment_status":"open","ping_status":"closed","template":"","meta":{"_joinchat":[]},"product_brand":[],"product_cat":[41,15],"product_tag":[],"class_list":{"0":"post-278","1":"product","2":"type-product","3":"status-publish","4":"has-post-thumbnail","6":"product_cat-mondeo-2-yedek-parca","7":"product_cat-far-aydinlatma","9":"first","10":"instock","11":"shipping-taxable","12":"purchasable","13":"product-type-simple"},"jetpack_sharing_enabled":true,"_links":{"self":[{"href":"https:\/\/www.mondeoturkiye.com\/index.php?rest_route=\/wp\/v2\/product\/278","targetHints":{"allow":["GET"]}}],"collection":[{"href":"https:\/\/www.mondeoturkiye.com\/index.php?rest_route=\/wp\/v2\/product"}],"about":[{"href":"https:\/\/www.mondeoturkiye.com\/index.php?rest_route=\/wp\/v2\/types\/product"}],"replies":[{"embeddable":true,"href":"https:\/\/www.mondeoturkiye.com\/index.php?rest_route=%2Fwp%2Fv2%2Fcomments&post=278"}],"wp:featuredmedia":[{"embeddable":true,"href":"https:\/\/www.mondeoturkiye.com\/index.php?rest_route=\/wp\/v2\/media\/282"}],"wp:attachment":[{"href":"https:\/\/www.mondeoturkiye.com\/index.php?rest_route=%2Fwp%2Fv2%2Fmedia&parent=278"}],"wp:term":[{"taxonomy":"product_brand","embeddable":true,"href":"https:\/\/www.mondeoturkiye.com\/index.php?rest_route=%2Fwp%2Fv2%2Fproduct_brand&post=278"},{"taxonomy":"product_cat","embeddable":true,"href":"https:\/\/www.mondeoturkiye.com\/index.php?rest_route=%2Fwp%2Fv2%2Fproduct_cat&post=278"},{"taxonomy":"product_tag","embeddable":true,"href":"https:\/\/www.mondeoturkiye.com\/index.php?rest_route=%2Fwp%2Fv2%2Fproduct_tag&post=278"}],"curies":[{"name":"wp","href":"https:\/\/api.w.org\/{rel}","templated":true}]}}