{"id":287,"date":"2023-04-27T06:55:41","date_gmt":"2023-04-27T06:55:41","guid":{"rendered":"https:\/\/www.mondeoturkiye.com\/?post_type=product&#038;p=287"},"modified":"2023-12-04T10:56:22","modified_gmt":"2023-12-04T10:56:22","slug":"kisiye-ozel-mondeo-far-tasarim-bi-xenon-bi-led-mercek","status":"publish","type":"product","link":"https:\/\/www.mondeoturkiye.com\/?product=kisiye-ozel-mondeo-far-tasarim-bi-xenon-bi-led-mercek","title":{"rendered":"K\u0130\u015e\u0130YE \u00d6ZEL MONDEO FAR TASARIM B\u0130 XENON, B\u0130 LED MERCEK"},"content":{"rendered":"<p><strong>\u0130STE\u011e\u0130N\u0130ZE \u00d6ZEL FAR TASARIMI YAPMAKTAYIZ. HAYAL ETT\u0130\u011e\u0130N\u0130Z VEYA YAPMAK \u0130STED\u0130\u011e\u0130N\u0130Z MODEL\u0130 B\u0130Z\u0130MLE PAYLA\u015eIRSANIZ. KAL\u0130TEL\u0130 VE B\u0130R\u0130NC\u0130 SINIF \u0130\u015e\u00c7\u0130L\u0130KLE S\u0130ZE UYGUN EN \u0130Y\u0130 TASARIMI SUNARIZ.<\/strong><\/p>\n<p><strong>ANGEL FAR, 3 INC, 2.5INC, B\u0130 XENON, B\u0130 LED, MERCEK \u00c7E\u015e\u0130TLER\u0130 MEVCUTTUR. ARACINIZ MERCEKL\u0130 VEYA MERCEKS\u0130Z OLMASI \u00d6NEM\u0130 YOKTUR.<\/strong><\/p>\n<p style=\"text-align: center;\"><iframe title=\"YouTube video player\" src=\"https:\/\/www.youtube.com\/embed\/J7f_OlkXXoc?start=29\" width=\"560\" height=\"315\" frameborder=\"0\" allowfullscreen=\"allowfullscreen\"><\/iframe><\/p>\n<p><img fetchpriority=\"high\" decoding=\"async\" class=\" wp-image-300 aligncenter\" src=\"https:\/\/www.mondeoturkiye.com\/wp-content\/uploads\/2023\/04\/efdd1c27-aec3-4951-a3a0-071e31015c5a-300x225.jpeg\" alt=\"\" width=\"397\" height=\"298\" srcset=\"https:\/\/www.mondeoturkiye.com\/wp-content\/uploads\/2023\/04\/efdd1c27-aec3-4951-a3a0-071e31015c5a-300x225.jpeg 300w, https:\/\/www.mondeoturkiye.com\/wp-content\/uploads\/2023\/04\/efdd1c27-aec3-4951-a3a0-071e31015c5a-1024x768.jpeg 1024w, https:\/\/www.mondeoturkiye.com\/wp-content\/uploads\/2023\/04\/efdd1c27-aec3-4951-a3a0-071e31015c5a-768x576.jpeg 768w, https:\/\/www.mondeoturkiye.com\/wp-content\/uploads\/2023\/04\/efdd1c27-aec3-4951-a3a0-071e31015c5a-1536x1152.jpeg 1536w, https:\/\/www.mondeoturkiye.com\/wp-content\/uploads\/2023\/04\/efdd1c27-aec3-4951-a3a0-071e31015c5a-1320x990.jpeg 1320w, https:\/\/www.mondeoturkiye.com\/wp-content\/uploads\/2023\/04\/efdd1c27-aec3-4951-a3a0-071e31015c5a-416x312.jpeg 416w, https:\/\/www.mondeoturkiye.com\/wp-content\/uploads\/2023\/04\/efdd1c27-aec3-4951-a3a0-071e31015c5a.jpeg 1600w\" sizes=\"(max-width: 397px) 100vw, 397px\" \/> <img decoding=\"async\" class=\"wp-image-298 aligncenter\" src=\"https:\/\/www.mondeoturkiye.com\/wp-content\/uploads\/2023\/04\/08949bb6-f934-4ab2-a5ce-71252939dd36-1-300x166.jpeg\" alt=\"\" width=\"490\" height=\"271\" srcset=\"https:\/\/www.mondeoturkiye.com\/wp-content\/uploads\/2023\/04\/08949bb6-f934-4ab2-a5ce-71252939dd36-1-300x166.jpeg 300w, https:\/\/www.mondeoturkiye.com\/wp-content\/uploads\/2023\/04\/08949bb6-f934-4ab2-a5ce-71252939dd36-1-1024x567.jpeg 1024w, https:\/\/www.mondeoturkiye.com\/wp-content\/uploads\/2023\/04\/08949bb6-f934-4ab2-a5ce-71252939dd36-1-768x425.jpeg 768w, https:\/\/www.mondeoturkiye.com\/wp-content\/uploads\/2023\/04\/08949bb6-f934-4ab2-a5ce-71252939dd36-1-416x230.jpeg 416w, https:\/\/www.mondeoturkiye.com\/wp-content\/uploads\/2023\/04\/08949bb6-f934-4ab2-a5ce-71252939dd36-1.jpeg 1146w\" sizes=\"(max-width: 490px) 100vw, 490px\" \/> <img decoding=\"async\" class=\"wp-image-301 aligncenter\" src=\"https:\/\/www.mondeoturkiye.com\/wp-content\/uploads\/2023\/04\/fcc2230f-c626-4a6e-a858-47dd5586e016-300x169.jpeg\" alt=\"\" width=\"486\" height=\"274\" srcset=\"https:\/\/www.mondeoturkiye.com\/wp-content\/uploads\/2023\/04\/fcc2230f-c626-4a6e-a858-47dd5586e016-300x169.jpeg 300w, https:\/\/www.mondeoturkiye.com\/wp-content\/uploads\/2023\/04\/fcc2230f-c626-4a6e-a858-47dd5586e016-1024x576.jpeg 1024w, https:\/\/www.mondeoturkiye.com\/wp-content\/uploads\/2023\/04\/fcc2230f-c626-4a6e-a858-47dd5586e016-768x432.jpeg 768w, https:\/\/www.mondeoturkiye.com\/wp-content\/uploads\/2023\/04\/fcc2230f-c626-4a6e-a858-47dd5586e016-1536x864.jpeg 1536w, https:\/\/www.mondeoturkiye.com\/wp-content\/uploads\/2023\/04\/fcc2230f-c626-4a6e-a858-47dd5586e016-1320x743.jpeg 1320w, https:\/\/www.mondeoturkiye.com\/wp-content\/uploads\/2023\/04\/fcc2230f-c626-4a6e-a858-47dd5586e016-416x234.jpeg 416w, https:\/\/www.mondeoturkiye.com\/wp-content\/uploads\/2023\/04\/fcc2230f-c626-4a6e-a858-47dd5586e016.jpeg 2048w\" sizes=\"(max-width: 486px) 100vw, 486px\" \/> <img loading=\"lazy\" decoding=\"async\" class=\"wp-image-293 aligncenter\" src=\"https:\/\/www.mondeoturkiye.com\/wp-content\/uploads\/2023\/04\/07b1bdd0-9559-4bf0-be62-a83d0ae0f0ff-300x225.jpeg\" alt=\"\" width=\"476\" height=\"357\" srcset=\"https:\/\/www.mondeoturkiye.com\/wp-content\/uploads\/2023\/04\/07b1bdd0-9559-4bf0-be62-a83d0ae0f0ff-300x225.jpeg 300w, https:\/\/www.mondeoturkiye.com\/wp-content\/uploads\/2023\/04\/07b1bdd0-9559-4bf0-be62-a83d0ae0f0ff-1024x768.jpeg 1024w, https:\/\/www.mondeoturkiye.com\/wp-content\/uploads\/2023\/04\/07b1bdd0-9559-4bf0-be62-a83d0ae0f0ff-768x576.jpeg 768w, https:\/\/www.mondeoturkiye.com\/wp-content\/uploads\/2023\/04\/07b1bdd0-9559-4bf0-be62-a83d0ae0f0ff-1536x1152.jpeg 1536w, https:\/\/www.mondeoturkiye.com\/wp-content\/uploads\/2023\/04\/07b1bdd0-9559-4bf0-be62-a83d0ae0f0ff-1320x990.jpeg 1320w, https:\/\/www.mondeoturkiye.com\/wp-content\/uploads\/2023\/04\/07b1bdd0-9559-4bf0-be62-a83d0ae0f0ff-416x312.jpeg 416w, https:\/\/www.mondeoturkiye.com\/wp-content\/uploads\/2023\/04\/07b1bdd0-9559-4bf0-be62-a83d0ae0f0ff.jpeg 2048w\" sizes=\"(max-width: 476px) 100vw, 476px\" \/> <img loading=\"lazy\" decoding=\"async\" class=\"wp-image-297 aligncenter\" src=\"https:\/\/www.mondeoturkiye.com\/wp-content\/uploads\/2023\/04\/2770cdd2-78dd-4017-b4f0-296edc0acb1d-300x225.jpeg\" alt=\"\" width=\"439\" height=\"329\" srcset=\"https:\/\/www.mondeoturkiye.com\/wp-content\/uploads\/2023\/04\/2770cdd2-78dd-4017-b4f0-296edc0acb1d-300x225.jpeg 300w, https:\/\/www.mondeoturkiye.com\/wp-content\/uploads\/2023\/04\/2770cdd2-78dd-4017-b4f0-296edc0acb1d-1024x768.jpeg 1024w, https:\/\/www.mondeoturkiye.com\/wp-content\/uploads\/2023\/04\/2770cdd2-78dd-4017-b4f0-296edc0acb1d-768x576.jpeg 768w, https:\/\/www.mondeoturkiye.com\/wp-content\/uploads\/2023\/04\/2770cdd2-78dd-4017-b4f0-296edc0acb1d-1536x1152.jpeg 1536w, https:\/\/www.mondeoturkiye.com\/wp-content\/uploads\/2023\/04\/2770cdd2-78dd-4017-b4f0-296edc0acb1d-1320x990.jpeg 1320w, https:\/\/www.mondeoturkiye.com\/wp-content\/uploads\/2023\/04\/2770cdd2-78dd-4017-b4f0-296edc0acb1d-416x312.jpeg 416w, https:\/\/www.mondeoturkiye.com\/wp-content\/uploads\/2023\/04\/2770cdd2-78dd-4017-b4f0-296edc0acb1d.jpeg 2048w\" sizes=\"(max-width: 439px) 100vw, 439px\" \/> <img loading=\"lazy\" decoding=\"async\" class=\"wp-image-292 aligncenter\" src=\"https:\/\/www.mondeoturkiye.com\/wp-content\/uploads\/2023\/04\/06ba0211-1eb9-4501-987b-9e8a6780e27c-1-300x200.jpeg\" alt=\"\" width=\"663\" height=\"442\" srcset=\"https:\/\/www.mondeoturkiye.com\/wp-content\/uploads\/2023\/04\/06ba0211-1eb9-4501-987b-9e8a6780e27c-1-300x200.jpeg 300w, https:\/\/www.mondeoturkiye.com\/wp-content\/uploads\/2023\/04\/06ba0211-1eb9-4501-987b-9e8a6780e27c-1-1024x683.jpeg 1024w, https:\/\/www.mondeoturkiye.com\/wp-content\/uploads\/2023\/04\/06ba0211-1eb9-4501-987b-9e8a6780e27c-1-768x512.jpeg 768w, https:\/\/www.mondeoturkiye.com\/wp-content\/uploads\/2023\/04\/06ba0211-1eb9-4501-987b-9e8a6780e27c-1-1536x1024.jpeg 1536w, https:\/\/www.mondeoturkiye.com\/wp-content\/uploads\/2023\/04\/06ba0211-1eb9-4501-987b-9e8a6780e27c-1-1320x880.jpeg 1320w, https:\/\/www.mondeoturkiye.com\/wp-content\/uploads\/2023\/04\/06ba0211-1eb9-4501-987b-9e8a6780e27c-1-416x277.jpeg 416w, https:\/\/www.mondeoturkiye.com\/wp-content\/uploads\/2023\/04\/06ba0211-1eb9-4501-987b-9e8a6780e27c-1.jpeg 2048w\" sizes=\"(max-width: 663px) 100vw, 663px\" \/> <img loading=\"lazy\" decoding=\"async\" class=\"wp-image-294 aligncenter\" src=\"https:\/\/www.mondeoturkiye.com\/wp-content\/uploads\/2023\/04\/8edff594-42b4-4dd1-9054-5c7c5b86b890-300x225.jpeg\" alt=\"\" width=\"533\" height=\"400\" srcset=\"https:\/\/www.mondeoturkiye.com\/wp-content\/uploads\/2023\/04\/8edff594-42b4-4dd1-9054-5c7c5b86b890-300x225.jpeg 300w, https:\/\/www.mondeoturkiye.com\/wp-content\/uploads\/2023\/04\/8edff594-42b4-4dd1-9054-5c7c5b86b890-1024x768.jpeg 1024w, https:\/\/www.mondeoturkiye.com\/wp-content\/uploads\/2023\/04\/8edff594-42b4-4dd1-9054-5c7c5b86b890-768x576.jpeg 768w, https:\/\/www.mondeoturkiye.com\/wp-content\/uploads\/2023\/04\/8edff594-42b4-4dd1-9054-5c7c5b86b890-1536x1152.jpeg 1536w, https:\/\/www.mondeoturkiye.com\/wp-content\/uploads\/2023\/04\/8edff594-42b4-4dd1-9054-5c7c5b86b890-1320x990.jpeg 1320w, https:\/\/www.mondeoturkiye.com\/wp-content\/uploads\/2023\/04\/8edff594-42b4-4dd1-9054-5c7c5b86b890-416x312.jpeg 416w, https:\/\/www.mondeoturkiye.com\/wp-content\/uploads\/2023\/04\/8edff594-42b4-4dd1-9054-5c7c5b86b890.jpeg 1600w\" sizes=\"(max-width: 533px) 100vw, 533px\" \/> <img loading=\"lazy\" decoding=\"async\" class=\"wp-image-295 aligncenter\" src=\"https:\/\/www.mondeoturkiye.com\/wp-content\/uploads\/2023\/04\/273fd4b8-1d43-47d8-8daa-5a4be0cf1116-300x225.jpeg\" alt=\"\" width=\"579\" height=\"434\" srcset=\"https:\/\/www.mondeoturkiye.com\/wp-content\/uploads\/2023\/04\/273fd4b8-1d43-47d8-8daa-5a4be0cf1116-300x225.jpeg 300w, https:\/\/www.mondeoturkiye.com\/wp-content\/uploads\/2023\/04\/273fd4b8-1d43-47d8-8daa-5a4be0cf1116-1024x768.jpeg 1024w, https:\/\/www.mondeoturkiye.com\/wp-content\/uploads\/2023\/04\/273fd4b8-1d43-47d8-8daa-5a4be0cf1116-768x576.jpeg 768w, https:\/\/www.mondeoturkiye.com\/wp-content\/uploads\/2023\/04\/273fd4b8-1d43-47d8-8daa-5a4be0cf1116-1536x1152.jpeg 1536w, https:\/\/www.mondeoturkiye.com\/wp-content\/uploads\/2023\/04\/273fd4b8-1d43-47d8-8daa-5a4be0cf1116-1320x990.jpeg 1320w, https:\/\/www.mondeoturkiye.com\/wp-content\/uploads\/2023\/04\/273fd4b8-1d43-47d8-8daa-5a4be0cf1116-416x312.jpeg 416w, https:\/\/www.mondeoturkiye.com\/wp-content\/uploads\/2023\/04\/273fd4b8-1d43-47d8-8daa-5a4be0cf1116.jpeg 2048w\" sizes=\"(max-width: 579px) 100vw, 579px\" \/> <img loading=\"lazy\" decoding=\"async\" class=\"wp-image-296 aligncenter\" src=\"https:\/\/www.mondeoturkiye.com\/wp-content\/uploads\/2023\/04\/906a57df-55e2-45e8-9f28-1605887e091d-300x300.jpeg\" alt=\"\" width=\"556\" height=\"556\" srcset=\"https:\/\/www.mondeoturkiye.com\/wp-content\/uploads\/2023\/04\/906a57df-55e2-45e8-9f28-1605887e091d-300x300.jpeg 300w, https:\/\/www.mondeoturkiye.com\/wp-content\/uploads\/2023\/04\/906a57df-55e2-45e8-9f28-1605887e091d-150x150.jpeg 150w, https:\/\/www.mondeoturkiye.com\/wp-content\/uploads\/2023\/04\/906a57df-55e2-45e8-9f28-1605887e091d-768x768.jpeg 768w, https:\/\/www.mondeoturkiye.com\/wp-content\/uploads\/2023\/04\/906a57df-55e2-45e8-9f28-1605887e091d-324x324.jpeg 324w, https:\/\/www.mondeoturkiye.com\/wp-content\/uploads\/2023\/04\/906a57df-55e2-45e8-9f28-1605887e091d-416x416.jpeg 416w, https:\/\/www.mondeoturkiye.com\/wp-content\/uploads\/2023\/04\/906a57df-55e2-45e8-9f28-1605887e091d-100x100.jpeg 100w, https:\/\/www.mondeoturkiye.com\/wp-content\/uploads\/2023\/04\/906a57df-55e2-45e8-9f28-1605887e091d.jpeg 1000w\" sizes=\"(max-width: 556px) 100vw, 556px\" \/> <img loading=\"lazy\" decoding=\"async\" class=\" wp-image-291 aligncenter\" src=\"https:\/\/www.mondeoturkiye.com\/wp-content\/uploads\/2023\/04\/5edf1be5-14d1-41f1-a87a-662c6a85b2b6-300x225.jpeg\" alt=\"\" width=\"431\" height=\"323\" srcset=\"https:\/\/www.mondeoturkiye.com\/wp-content\/uploads\/2023\/04\/5edf1be5-14d1-41f1-a87a-662c6a85b2b6-300x225.jpeg 300w, https:\/\/www.mondeoturkiye.com\/wp-content\/uploads\/2023\/04\/5edf1be5-14d1-41f1-a87a-662c6a85b2b6-1024x768.jpeg 1024w, https:\/\/www.mondeoturkiye.com\/wp-content\/uploads\/2023\/04\/5edf1be5-14d1-41f1-a87a-662c6a85b2b6-768x576.jpeg 768w, https:\/\/www.mondeoturkiye.com\/wp-content\/uploads\/2023\/04\/5edf1be5-14d1-41f1-a87a-662c6a85b2b6-1536x1152.jpeg 1536w, https:\/\/www.mondeoturkiye.com\/wp-content\/uploads\/2023\/04\/5edf1be5-14d1-41f1-a87a-662c6a85b2b6-1320x990.jpeg 1320w, https:\/\/www.mondeoturkiye.com\/wp-content\/uploads\/2023\/04\/5edf1be5-14d1-41f1-a87a-662c6a85b2b6-416x312.jpeg 416w, https:\/\/www.mondeoturkiye.com\/wp-content\/uploads\/2023\/04\/5edf1be5-14d1-41f1-a87a-662c6a85b2b6.jpeg 1600w\" sizes=\"(max-width: 431px) 100vw, 431px\" \/> <img loading=\"lazy\" decoding=\"async\" class=\"wp-image-290 aligncenter\" src=\"https:\/\/www.mondeoturkiye.com\/wp-content\/uploads\/2023\/04\/4b515d25-73b1-4d01-a960-ba7981841090-300x225.jpeg\" alt=\"\" width=\"620\" height=\"465\" srcset=\"https:\/\/www.mondeoturkiye.com\/wp-content\/uploads\/2023\/04\/4b515d25-73b1-4d01-a960-ba7981841090-300x225.jpeg 300w, https:\/\/www.mondeoturkiye.com\/wp-content\/uploads\/2023\/04\/4b515d25-73b1-4d01-a960-ba7981841090-1024x768.jpeg 1024w, https:\/\/www.mondeoturkiye.com\/wp-content\/uploads\/2023\/04\/4b515d25-73b1-4d01-a960-ba7981841090-768x576.jpeg 768w, https:\/\/www.mondeoturkiye.com\/wp-content\/uploads\/2023\/04\/4b515d25-73b1-4d01-a960-ba7981841090-1536x1152.jpeg 1536w, https:\/\/www.mondeoturkiye.com\/wp-content\/uploads\/2023\/04\/4b515d25-73b1-4d01-a960-ba7981841090-1320x990.jpeg 1320w, https:\/\/www.mondeoturkiye.com\/wp-content\/uploads\/2023\/04\/4b515d25-73b1-4d01-a960-ba7981841090-416x312.jpeg 416w, https:\/\/www.mondeoturkiye.com\/wp-content\/uploads\/2023\/04\/4b515d25-73b1-4d01-a960-ba7981841090.jpeg 1600w\" sizes=\"(max-width: 620px) 100vw, 620px\" \/> <img loading=\"lazy\" decoding=\"async\" class=\"wp-image-285 aligncenter\" src=\"https:\/\/www.mondeoturkiye.com\/wp-content\/uploads\/2023\/04\/e7b11755-dd4e-4a40-82fc-f520758ce18a-300x225.jpeg\" alt=\"\" width=\"537\" height=\"403\" srcset=\"https:\/\/www.mondeoturkiye.com\/wp-content\/uploads\/2023\/04\/e7b11755-dd4e-4a40-82fc-f520758ce18a-300x225.jpeg 300w, https:\/\/www.mondeoturkiye.com\/wp-content\/uploads\/2023\/04\/e7b11755-dd4e-4a40-82fc-f520758ce18a-1024x768.jpeg 1024w, https:\/\/www.mondeoturkiye.com\/wp-content\/uploads\/2023\/04\/e7b11755-dd4e-4a40-82fc-f520758ce18a-768x576.jpeg 768w, https:\/\/www.mondeoturkiye.com\/wp-content\/uploads\/2023\/04\/e7b11755-dd4e-4a40-82fc-f520758ce18a-1536x1152.jpeg 1536w, https:\/\/www.mondeoturkiye.com\/wp-content\/uploads\/2023\/04\/e7b11755-dd4e-4a40-82fc-f520758ce18a-1320x990.jpeg 1320w, https:\/\/www.mondeoturkiye.com\/wp-content\/uploads\/2023\/04\/e7b11755-dd4e-4a40-82fc-f520758ce18a-416x312.jpeg 416w, https:\/\/www.mondeoturkiye.com\/wp-content\/uploads\/2023\/04\/e7b11755-dd4e-4a40-82fc-f520758ce18a.jpeg 2048w\" sizes=\"(max-width: 537px) 100vw, 537px\" \/> <img loading=\"lazy\" decoding=\"async\" class=\"wp-image-283 aligncenter\" src=\"https:\/\/www.mondeoturkiye.com\/wp-content\/uploads\/2023\/04\/accd1a80-dc6d-402a-9bbf-bdce81bc5ff7-225x300.jpeg\" alt=\"\" width=\"440\" height=\"587\" srcset=\"https:\/\/www.mondeoturkiye.com\/wp-content\/uploads\/2023\/04\/accd1a80-dc6d-402a-9bbf-bdce81bc5ff7-225x300.jpeg 225w, https:\/\/www.mondeoturkiye.com\/wp-content\/uploads\/2023\/04\/accd1a80-dc6d-402a-9bbf-bdce81bc5ff7-768x1024.jpeg 768w, https:\/\/www.mondeoturkiye.com\/wp-content\/uploads\/2023\/04\/accd1a80-dc6d-402a-9bbf-bdce81bc5ff7-1152x1536.jpeg 1152w, https:\/\/www.mondeoturkiye.com\/wp-content\/uploads\/2023\/04\/accd1a80-dc6d-402a-9bbf-bdce81bc5ff7-1320x1760.jpeg 1320w, https:\/\/www.mondeoturkiye.com\/wp-content\/uploads\/2023\/04\/accd1a80-dc6d-402a-9bbf-bdce81bc5ff7-416x555.jpeg 416w, https:\/\/www.mondeoturkiye.com\/wp-content\/uploads\/2023\/04\/accd1a80-dc6d-402a-9bbf-bdce81bc5ff7.jpeg 1536w\" sizes=\"(max-width: 440px) 100vw, 440px\" \/> <img loading=\"lazy\" decoding=\"async\" class=\"size-medium wp-image-273 aligncenter\" src=\"https:\/\/www.mondeoturkiye.com\/wp-content\/uploads\/2023\/04\/Mondeo-mk4-d1s-xenon-2006_2014-2-550x550w-300x300.jpg\" alt=\"\" width=\"300\" height=\"300\" srcset=\"https:\/\/www.mondeoturkiye.com\/wp-content\/uploads\/2023\/04\/Mondeo-mk4-d1s-xenon-2006_2014-2-550x550w-300x300.jpg 300w, https:\/\/www.mondeoturkiye.com\/wp-content\/uploads\/2023\/04\/Mondeo-mk4-d1s-xenon-2006_2014-2-550x550w-150x150.jpg 150w, https:\/\/www.mondeoturkiye.com\/wp-content\/uploads\/2023\/04\/Mondeo-mk4-d1s-xenon-2006_2014-2-550x550w-324x324.jpg 324w, https:\/\/www.mondeoturkiye.com\/wp-content\/uploads\/2023\/04\/Mondeo-mk4-d1s-xenon-2006_2014-2-550x550w-416x416.jpg 416w, https:\/\/www.mondeoturkiye.com\/wp-content\/uploads\/2023\/04\/Mondeo-mk4-d1s-xenon-2006_2014-2-550x550w-100x100.jpg 100w, https:\/\/www.mondeoturkiye.com\/wp-content\/uploads\/2023\/04\/Mondeo-mk4-d1s-xenon-2006_2014-2-550x550w.jpg 550w\" sizes=\"(max-width: 300px) 100vw, 300px\" \/> <img loading=\"lazy\" decoding=\"async\" class=\"size-medium wp-image-269 aligncenter\" src=\"https:\/\/www.mondeoturkiye.com\/wp-content\/uploads\/2023\/04\/Mondeo-mk3-d2s-xenon-2001_2007-b-550x550-1-300x300.jpg\" alt=\"\" width=\"300\" height=\"300\" srcset=\"https:\/\/www.mondeoturkiye.com\/wp-content\/uploads\/2023\/04\/Mondeo-mk3-d2s-xenon-2001_2007-b-550x550-1-300x300.jpg 300w, https:\/\/www.mondeoturkiye.com\/wp-content\/uploads\/2023\/04\/Mondeo-mk3-d2s-xenon-2001_2007-b-550x550-1-150x150.jpg 150w, https:\/\/www.mondeoturkiye.com\/wp-content\/uploads\/2023\/04\/Mondeo-mk3-d2s-xenon-2001_2007-b-550x550-1-324x324.jpg 324w, https:\/\/www.mondeoturkiye.com\/wp-content\/uploads\/2023\/04\/Mondeo-mk3-d2s-xenon-2001_2007-b-550x550-1-416x416.jpg 416w, https:\/\/www.mondeoturkiye.com\/wp-content\/uploads\/2023\/04\/Mondeo-mk3-d2s-xenon-2001_2007-b-550x550-1-100x100.jpg 100w, https:\/\/www.mondeoturkiye.com\/wp-content\/uploads\/2023\/04\/Mondeo-mk3-d2s-xenon-2001_2007-b-550x550-1.jpg 550w\" sizes=\"(max-width: 300px) 100vw, 300px\" \/><\/p>\n","protected":false},"excerpt":{"rendered":"<p>\u0130STE\u011e\u0130N\u0130ZE \u00d6ZEL FAR TASARIMI YAPMAKTAYIZ. HAYAL ETT\u0130\u011e\u0130N\u0130Z VEYA YAPMAK \u0130STED\u0130\u011e\u0130N\u0130Z MODEL\u0130 B\u0130Z\u0130MLE PAYLA\u015eIRSANIZ. KAL\u0130TEL\u0130 VE B\u0130R\u0130NC\u0130 SINIF \u0130\u015e\u00c7\u0130L\u0130KLE S\u0130ZE UYGUN EN \u0130Y\u0130 TASARIMI SUNARIZ. ANGEL FAR, 3 INC, 2.5INC, B\u0130 XENON, B\u0130 LED, MERCEK \u00c7E\u015e\u0130TLER\u0130 MEVCUTTUR. ARACINIZ MERCEKL\u0130 VEYA MERCEKS\u0130Z OLMASI \u00d6NEM\u0130 YOKTUR.<\/p>\n","protected":false},"featured_media":289,"comment_status":"open","ping_status":"closed","template":"","meta":{"_joinchat":[]},"product_brand":[],"product_cat":[15],"product_tag":[],"class_list":{"0":"post-287","1":"product","2":"type-product","3":"status-publish","4":"has-post-thumbnail","6":"product_cat-far-aydinlatma","8":"first","9":"instock","10":"shipping-taxable","11":"purchasable","12":"product-type-simple"},"jetpack_sharing_enabled":true,"_links":{"self":[{"href":"https:\/\/www.mondeoturkiye.com\/index.php?rest_route=\/wp\/v2\/product\/287","targetHints":{"allow":["GET"]}}],"collection":[{"href":"https:\/\/www.mondeoturkiye.com\/index.php?rest_route=\/wp\/v2\/product"}],"about":[{"href":"https:\/\/www.mondeoturkiye.com\/index.php?rest_route=\/wp\/v2\/types\/product"}],"replies":[{"embeddable":true,"href":"https:\/\/www.mondeoturkiye.com\/index.php?rest_route=%2Fwp%2Fv2%2Fcomments&post=287"}],"wp:featuredmedia":[{"embeddable":true,"href":"https:\/\/www.mondeoturkiye.com\/index.php?rest_route=\/wp\/v2\/media\/289"}],"wp:attachment":[{"href":"https:\/\/www.mondeoturkiye.com\/index.php?rest_route=%2Fwp%2Fv2%2Fmedia&parent=287"}],"wp:term":[{"taxonomy":"product_brand","embeddable":true,"href":"https:\/\/www.mondeoturkiye.com\/index.php?rest_route=%2Fwp%2Fv2%2Fproduct_brand&post=287"},{"taxonomy":"product_cat","embeddable":true,"href":"https:\/\/www.mondeoturkiye.com\/index.php?rest_route=%2Fwp%2Fv2%2Fproduct_cat&post=287"},{"taxonomy":"product_tag","embeddable":true,"href":"https:\/\/www.mondeoturkiye.com\/index.php?rest_route=%2Fwp%2Fv2%2Fproduct_tag&post=287"}],"curies":[{"name":"wp","href":"https:\/\/api.w.org\/{rel}","templated":true}]}}