{"id":308,"date":"2023-04-27T08:25:22","date_gmt":"2023-04-27T08:25:22","guid":{"rendered":"https:\/\/www.mondeoturkiye.com\/?post_type=product&#038;p=308"},"modified":"2025-12-19T08:57:56","modified_gmt":"2025-12-19T08:57:56","slug":"hella-angel-kare-bi-xenon-mercek","status":"publish","type":"product","link":"https:\/\/www.mondeoturkiye.com\/?product=hella-angel-kare-bi-xenon-mercek","title":{"rendered":"HELLA  ANGEL KARE Bi-Xenon Mercek"},"content":{"rendered":"<p><strong>HELLA Bi-Xenon Mercek- Led \u00e7er\u00e7eve ile gelir.<\/strong><\/p>\n<p><strong>D2S, D1S, H1,H7 SE\u00c7ENEKLER\u0130 MEVCUTTUR \u00dcR\u00dcNLER FARKLIDIR F\u0130YAT AYNI<\/strong><\/p>\n<p><strong>Far Cam\u0131 S\u00f6k\u00fclebilen T\u00fcm Ara\u00e7lar i\u00e7in Uyumludur.<\/strong><\/p>\n<p><strong>Far D\u00f6n\u00fc\u015f\u00fcm\u00fc yapmak i\u00e7in ve daha g\u00fcvenli s\u00fcr\u00fc\u015f i\u00e7in<\/strong><\/p>\n<p><strong>ayd\u0131nl\u0131k, \u00e7izgisel odakl\u0131 bir yol g\u00f6r\u00fc\u015f\u00fc sa\u011flar.<\/strong><\/p>\n<p><strong>Xenon Ampul ya da Led Xenon Ampullerle Uyumludur.<\/strong><\/p>\n<p><strong>Ayn\u0131 anda k\u0131salar yanarken, selekt\u00f6r etkisi yapacak kelebek aparatl\u0131d\u0131r.<\/strong><\/p>\n<p><strong>Set i\u00e7erisinde iki mercek, iki \u00e7er\u00e7eve bulunmaktad\u0131r.<\/strong><\/p>\n<p><img fetchpriority=\"high\" decoding=\"async\" class=\"size-medium wp-image-296 aligncenter\" src=\"https:\/\/www.mondeoturkiye.com\/wp-content\/uploads\/2023\/04\/906a57df-55e2-45e8-9f28-1605887e091d-300x300.jpeg\" alt=\"\" width=\"300\" height=\"300\" srcset=\"https:\/\/www.mondeoturkiye.com\/wp-content\/uploads\/2023\/04\/906a57df-55e2-45e8-9f28-1605887e091d-300x300.jpeg 300w, https:\/\/www.mondeoturkiye.com\/wp-content\/uploads\/2023\/04\/906a57df-55e2-45e8-9f28-1605887e091d-150x150.jpeg 150w, https:\/\/www.mondeoturkiye.com\/wp-content\/uploads\/2023\/04\/906a57df-55e2-45e8-9f28-1605887e091d-768x768.jpeg 768w, https:\/\/www.mondeoturkiye.com\/wp-content\/uploads\/2023\/04\/906a57df-55e2-45e8-9f28-1605887e091d-324x324.jpeg 324w, https:\/\/www.mondeoturkiye.com\/wp-content\/uploads\/2023\/04\/906a57df-55e2-45e8-9f28-1605887e091d-416x416.jpeg 416w, https:\/\/www.mondeoturkiye.com\/wp-content\/uploads\/2023\/04\/906a57df-55e2-45e8-9f28-1605887e091d-100x100.jpeg 100w, https:\/\/www.mondeoturkiye.com\/wp-content\/uploads\/2023\/04\/906a57df-55e2-45e8-9f28-1605887e091d.jpeg 1000w\" sizes=\"(max-width: 300px) 100vw, 300px\" \/><\/p>\n","protected":false},"excerpt":{"rendered":"<p>HELLA Bi-Xenon Mercek- Led \u00e7er\u00e7eve ile gelir. D2S, D1S, H1,H7 SE\u00c7ENEKLER\u0130 MEVCUTTUR \u00dcR\u00dcNLER FARKLIDIR F\u0130YAT AYNI Far Cam\u0131 S\u00f6k\u00fclebilen T\u00fcm Ara\u00e7lar i\u00e7in Uyumludur. Far D\u00f6n\u00fc\u015f\u00fcm\u00fc yapmak i\u00e7in ve daha g\u00fcvenli s\u00fcr\u00fc\u015f i\u00e7in ayd\u0131nl\u0131k, \u00e7izgisel odakl\u0131 bir yol g\u00f6r\u00fc\u015f\u00fc sa\u011flar. Xenon Ampul ya da Led Xenon Ampullerle Uyumludur. Ayn\u0131 anda k\u0131salar yanarken, selekt\u00f6r etkisi yapacak kelebek [&hellip;]<\/p>\n","protected":false},"featured_media":309,"comment_status":"open","ping_status":"closed","template":"","meta":{"_joinchat":[]},"product_brand":[],"product_cat":[15],"product_tag":[],"class_list":{"0":"post-308","1":"product","2":"type-product","3":"status-publish","4":"has-post-thumbnail","6":"product_cat-far-aydinlatma","8":"first","9":"instock","10":"shipping-taxable","11":"purchasable","12":"product-type-simple"},"jetpack_sharing_enabled":true,"_links":{"self":[{"href":"https:\/\/www.mondeoturkiye.com\/index.php?rest_route=\/wp\/v2\/product\/308","targetHints":{"allow":["GET"]}}],"collection":[{"href":"https:\/\/www.mondeoturkiye.com\/index.php?rest_route=\/wp\/v2\/product"}],"about":[{"href":"https:\/\/www.mondeoturkiye.com\/index.php?rest_route=\/wp\/v2\/types\/product"}],"replies":[{"embeddable":true,"href":"https:\/\/www.mondeoturkiye.com\/index.php?rest_route=%2Fwp%2Fv2%2Fcomments&post=308"}],"wp:featuredmedia":[{"embeddable":true,"href":"https:\/\/www.mondeoturkiye.com\/index.php?rest_route=\/wp\/v2\/media\/309"}],"wp:attachment":[{"href":"https:\/\/www.mondeoturkiye.com\/index.php?rest_route=%2Fwp%2Fv2%2Fmedia&parent=308"}],"wp:term":[{"taxonomy":"product_brand","embeddable":true,"href":"https:\/\/www.mondeoturkiye.com\/index.php?rest_route=%2Fwp%2Fv2%2Fproduct_brand&post=308"},{"taxonomy":"product_cat","embeddable":true,"href":"https:\/\/www.mondeoturkiye.com\/index.php?rest_route=%2Fwp%2Fv2%2Fproduct_cat&post=308"},{"taxonomy":"product_tag","embeddable":true,"href":"https:\/\/www.mondeoturkiye.com\/index.php?rest_route=%2Fwp%2Fv2%2Fproduct_tag&post=308"}],"curies":[{"name":"wp","href":"https:\/\/api.w.org\/{rel}","templated":true}]}}