{"id":320,"date":"2023-04-27T13:50:43","date_gmt":"2023-04-27T13:50:43","guid":{"rendered":"https:\/\/www.mondeoturkiye.com\/?post_type=product&#038;p=320"},"modified":"2024-08-19T10:16:59","modified_gmt":"2024-08-19T10:16:59","slug":"mondeo-mk3-3d-spoiler-spoyler","status":"publish","type":"product","link":"https:\/\/www.mondeoturkiye.com\/?product=mondeo-mk3-3d-spoiler-spoyler","title":{"rendered":"MONDEO MK3 3D SPO\u0130LER SPOYLER"},"content":{"rendered":"<p>\u00dcR\u00dcN BOYASIZ GELMEKTED\u0130R. B\u0130R\u0130NC\u0130 SINIF F\u0130BER MALZEMEDEN YAPILMI\u015e. BAGAJIN HEM ARKASINI, HEM \u00dcST\u00dcN\u00dc SARMAKTADIR.<\/p>\n<p><img decoding=\"async\" class=\"alignnone size-medium wp-image-321\" src=\"https:\/\/www.mondeoturkiye.com\/wp-content\/uploads\/2023\/04\/94978924_10158469741348559_5942171637238464512_o-300x166.jpg\" alt=\"\" width=\"300\" height=\"166\" srcset=\"https:\/\/www.mondeoturkiye.com\/wp-content\/uploads\/2023\/04\/94978924_10158469741348559_5942171637238464512_o-300x166.jpg 300w, https:\/\/www.mondeoturkiye.com\/wp-content\/uploads\/2023\/04\/94978924_10158469741348559_5942171637238464512_o-768x425.jpg 768w, https:\/\/www.mondeoturkiye.com\/wp-content\/uploads\/2023\/04\/94978924_10158469741348559_5942171637238464512_o-416x230.jpg 416w, https:\/\/www.mondeoturkiye.com\/wp-content\/uploads\/2023\/04\/94978924_10158469741348559_5942171637238464512_o.jpg 820w\" sizes=\"(max-width: 300px) 100vw, 300px\" \/> <img fetchpriority=\"high\" decoding=\"async\" class=\"alignnone size-medium wp-image-322\" src=\"https:\/\/www.mondeoturkiye.com\/wp-content\/uploads\/2023\/04\/95064246_10158469742763559_2470600166596411392_o-300x183.jpg\" alt=\"\" width=\"300\" height=\"183\" srcset=\"https:\/\/www.mondeoturkiye.com\/wp-content\/uploads\/2023\/04\/95064246_10158469742763559_2470600166596411392_o-300x183.jpg 300w, https:\/\/www.mondeoturkiye.com\/wp-content\/uploads\/2023\/04\/95064246_10158469742763559_2470600166596411392_o-416x254.jpg 416w, https:\/\/www.mondeoturkiye.com\/wp-content\/uploads\/2023\/04\/95064246_10158469742763559_2470600166596411392_o.jpg 661w\" sizes=\"(max-width: 300px) 100vw, 300px\" \/> <img decoding=\"async\" class=\"alignnone size-medium wp-image-323\" src=\"https:\/\/www.mondeoturkiye.com\/wp-content\/uploads\/2023\/04\/95093370_10158469741493559_2244831847722778624_o-300x188.jpg\" alt=\"\" width=\"300\" height=\"188\" srcset=\"https:\/\/www.mondeoturkiye.com\/wp-content\/uploads\/2023\/04\/95093370_10158469741493559_2244831847722778624_o-300x188.jpg 300w, https:\/\/www.mondeoturkiye.com\/wp-content\/uploads\/2023\/04\/95093370_10158469741493559_2244831847722778624_o-416x261.jpg 416w, https:\/\/www.mondeoturkiye.com\/wp-content\/uploads\/2023\/04\/95093370_10158469741493559_2244831847722778624_o.jpg 718w\" sizes=\"(max-width: 300px) 100vw, 300px\" \/> <img loading=\"lazy\" decoding=\"async\" class=\"alignnone size-medium wp-image-324\" src=\"https:\/\/www.mondeoturkiye.com\/wp-content\/uploads\/2023\/04\/95136430_10158469741908559_1823777151220973568_o-300x225.jpg\" alt=\"\" width=\"300\" height=\"225\" srcset=\"https:\/\/www.mondeoturkiye.com\/wp-content\/uploads\/2023\/04\/95136430_10158469741908559_1823777151220973568_o-300x225.jpg 300w, https:\/\/www.mondeoturkiye.com\/wp-content\/uploads\/2023\/04\/95136430_10158469741908559_1823777151220973568_o-768x576.jpg 768w, https:\/\/www.mondeoturkiye.com\/wp-content\/uploads\/2023\/04\/95136430_10158469741908559_1823777151220973568_o-416x312.jpg 416w, https:\/\/www.mondeoturkiye.com\/wp-content\/uploads\/2023\/04\/95136430_10158469741908559_1823777151220973568_o.jpg 960w\" sizes=\"(max-width: 300px) 100vw, 300px\" \/> <img loading=\"lazy\" decoding=\"async\" class=\"alignnone size-medium wp-image-325\" src=\"https:\/\/www.mondeoturkiye.com\/wp-content\/uploads\/2023\/04\/95185984_10158469740738559_7399773199791030272_o-169x300.jpg\" alt=\"\" width=\"169\" height=\"300\" srcset=\"https:\/\/www.mondeoturkiye.com\/wp-content\/uploads\/2023\/04\/95185984_10158469740738559_7399773199791030272_o-169x300.jpg 169w, https:\/\/www.mondeoturkiye.com\/wp-content\/uploads\/2023\/04\/95185984_10158469740738559_7399773199791030272_o-416x740.jpg 416w, https:\/\/www.mondeoturkiye.com\/wp-content\/uploads\/2023\/04\/95185984_10158469740738559_7399773199791030272_o.jpg 540w\" sizes=\"(max-width: 169px) 100vw, 169px\" \/> <img loading=\"lazy\" decoding=\"async\" class=\"alignnone size-medium wp-image-326\" src=\"https:\/\/www.mondeoturkiye.com\/wp-content\/uploads\/2023\/04\/95203753_10158469740128559_865159193991053312_n-1-300x154.jpg\" alt=\"\" width=\"300\" height=\"154\" srcset=\"https:\/\/www.mondeoturkiye.com\/wp-content\/uploads\/2023\/04\/95203753_10158469740128559_865159193991053312_n-1-300x154.jpg 300w, https:\/\/www.mondeoturkiye.com\/wp-content\/uploads\/2023\/04\/95203753_10158469740128559_865159193991053312_n-1-768x393.jpg 768w, https:\/\/www.mondeoturkiye.com\/wp-content\/uploads\/2023\/04\/95203753_10158469740128559_865159193991053312_n-1-416x213.jpg 416w, https:\/\/www.mondeoturkiye.com\/wp-content\/uploads\/2023\/04\/95203753_10158469740128559_865159193991053312_n-1.jpg 844w\" sizes=\"(max-width: 300px) 100vw, 300px\" \/> <img loading=\"lazy\" decoding=\"async\" class=\"alignnone size-medium wp-image-327\" src=\"https:\/\/www.mondeoturkiye.com\/wp-content\/uploads\/2023\/04\/95251394_10158469740618559_6672655109391908864_n-300x174.jpg\" alt=\"\" width=\"300\" height=\"174\" srcset=\"https:\/\/www.mondeoturkiye.com\/wp-content\/uploads\/2023\/04\/95251394_10158469740618559_6672655109391908864_n-300x174.jpg 300w, https:\/\/www.mondeoturkiye.com\/wp-content\/uploads\/2023\/04\/95251394_10158469740618559_6672655109391908864_n-416x242.jpg 416w, https:\/\/www.mondeoturkiye.com\/wp-content\/uploads\/2023\/04\/95251394_10158469740618559_6672655109391908864_n.jpg 565w\" sizes=\"(max-width: 300px) 100vw, 300px\" \/> <img loading=\"lazy\" decoding=\"async\" class=\"alignnone size-medium wp-image-328\" src=\"https:\/\/www.mondeoturkiye.com\/wp-content\/uploads\/2023\/04\/95268252_10158469740218559_3580749075449905152_n-300x169.jpg\" alt=\"\" width=\"300\" height=\"169\" srcset=\"https:\/\/www.mondeoturkiye.com\/wp-content\/uploads\/2023\/04\/95268252_10158469740218559_3580749075449905152_n-300x169.jpg 300w, https:\/\/www.mondeoturkiye.com\/wp-content\/uploads\/2023\/04\/95268252_10158469740218559_3580749075449905152_n-768x432.jpg 768w, https:\/\/www.mondeoturkiye.com\/wp-content\/uploads\/2023\/04\/95268252_10158469740218559_3580749075449905152_n-416x234.jpg 416w, https:\/\/www.mondeoturkiye.com\/wp-content\/uploads\/2023\/04\/95268252_10158469740218559_3580749075449905152_n.jpg 960w\" sizes=\"(max-width: 300px) 100vw, 300px\" \/> <img loading=\"lazy\" decoding=\"async\" class=\"alignnone size-medium wp-image-329\" src=\"https:\/\/www.mondeoturkiye.com\/wp-content\/uploads\/2023\/04\/95293545_10158469740988559_9029979297422508032_o-300x168.jpg\" alt=\"\" width=\"300\" height=\"168\" srcset=\"https:\/\/www.mondeoturkiye.com\/wp-content\/uploads\/2023\/04\/95293545_10158469740988559_9029979297422508032_o-300x168.jpg 300w, https:\/\/www.mondeoturkiye.com\/wp-content\/uploads\/2023\/04\/95293545_10158469740988559_9029979297422508032_o-768x431.jpg 768w, https:\/\/www.mondeoturkiye.com\/wp-content\/uploads\/2023\/04\/95293545_10158469740988559_9029979297422508032_o-416x234.jpg 416w, https:\/\/www.mondeoturkiye.com\/wp-content\/uploads\/2023\/04\/95293545_10158469740988559_9029979297422508032_o.jpg 960w\" sizes=\"(max-width: 300px) 100vw, 300px\" \/> <img loading=\"lazy\" decoding=\"async\" class=\"alignnone size-medium wp-image-330\" src=\"https:\/\/www.mondeoturkiye.com\/wp-content\/uploads\/2023\/04\/95343933_10158469742288559_3583992815140470784_o-300x174.jpg\" alt=\"\" width=\"300\" height=\"174\" srcset=\"https:\/\/www.mondeoturkiye.com\/wp-content\/uploads\/2023\/04\/95343933_10158469742288559_3583992815140470784_o-300x174.jpg 300w, https:\/\/www.mondeoturkiye.com\/wp-content\/uploads\/2023\/04\/95343933_10158469742288559_3583992815140470784_o-416x242.jpg 416w, https:\/\/www.mondeoturkiye.com\/wp-content\/uploads\/2023\/04\/95343933_10158469742288559_3583992815140470784_o.jpg 532w\" sizes=\"(max-width: 300px) 100vw, 300px\" \/> <img loading=\"lazy\" decoding=\"async\" class=\"alignnone size-medium wp-image-331\" src=\"https:\/\/www.mondeoturkiye.com\/wp-content\/uploads\/2023\/04\/95387313_10158469741718559_6408494374212075520_o-225x300.jpg\" alt=\"\" width=\"225\" height=\"300\" srcset=\"https:\/\/www.mondeoturkiye.com\/wp-content\/uploads\/2023\/04\/95387313_10158469741718559_6408494374212075520_o-225x300.jpg 225w, https:\/\/www.mondeoturkiye.com\/wp-content\/uploads\/2023\/04\/95387313_10158469741718559_6408494374212075520_o-416x555.jpg 416w, https:\/\/www.mondeoturkiye.com\/wp-content\/uploads\/2023\/04\/95387313_10158469741718559_6408494374212075520_o.jpg 720w\" sizes=\"(max-width: 225px) 100vw, 225px\" \/> <img loading=\"lazy\" decoding=\"async\" class=\"alignnone size-medium wp-image-332\" src=\"https:\/\/www.mondeoturkiye.com\/wp-content\/uploads\/2023\/04\/95463987_10158469739958559_7668229134195097600_o-298x300.jpg\" alt=\"\" width=\"298\" height=\"300\" srcset=\"https:\/\/www.mondeoturkiye.com\/wp-content\/uploads\/2023\/04\/95463987_10158469739958559_7668229134195097600_o-298x300.jpg 298w, https:\/\/www.mondeoturkiye.com\/wp-content\/uploads\/2023\/04\/95463987_10158469739958559_7668229134195097600_o-150x150.jpg 150w, https:\/\/www.mondeoturkiye.com\/wp-content\/uploads\/2023\/04\/95463987_10158469739958559_7668229134195097600_o-416x419.jpg 416w, https:\/\/www.mondeoturkiye.com\/wp-content\/uploads\/2023\/04\/95463987_10158469739958559_7668229134195097600_o-100x100.jpg 100w, https:\/\/www.mondeoturkiye.com\/wp-content\/uploads\/2023\/04\/95463987_10158469739958559_7668229134195097600_o.jpg 620w\" sizes=\"(max-width: 298px) 100vw, 298px\" \/> <img loading=\"lazy\" decoding=\"async\" class=\"alignnone size-medium wp-image-333\" src=\"https:\/\/www.mondeoturkiye.com\/wp-content\/uploads\/2023\/04\/169861456_1912526462233781_1618043444460961626_n-223x300.jpg\" alt=\"\" width=\"223\" height=\"300\" srcset=\"https:\/\/www.mondeoturkiye.com\/wp-content\/uploads\/2023\/04\/169861456_1912526462233781_1618043444460961626_n-223x300.jpg 223w, https:\/\/www.mondeoturkiye.com\/wp-content\/uploads\/2023\/04\/169861456_1912526462233781_1618043444460961626_n-760x1024.jpg 760w, https:\/\/www.mondeoturkiye.com\/wp-content\/uploads\/2023\/04\/169861456_1912526462233781_1618043444460961626_n-768x1035.jpg 768w, https:\/\/www.mondeoturkiye.com\/wp-content\/uploads\/2023\/04\/169861456_1912526462233781_1618043444460961626_n-1140x1536.jpg 1140w, https:\/\/www.mondeoturkiye.com\/wp-content\/uploads\/2023\/04\/169861456_1912526462233781_1618043444460961626_n-1320x1779.jpg 1320w, https:\/\/www.mondeoturkiye.com\/wp-content\/uploads\/2023\/04\/169861456_1912526462233781_1618043444460961626_n-416x561.jpg 416w, https:\/\/www.mondeoturkiye.com\/wp-content\/uploads\/2023\/04\/169861456_1912526462233781_1618043444460961626_n.jpg 1520w\" sizes=\"(max-width: 223px) 100vw, 223px\" \/> <img loading=\"lazy\" decoding=\"async\" class=\"alignnone size-medium wp-image-334\" src=\"https:\/\/www.mondeoturkiye.com\/wp-content\/uploads\/2023\/04\/170026888_1912526555567105_7593314729747700647_n-300x225.jpg\" alt=\"\" width=\"300\" height=\"225\" srcset=\"https:\/\/www.mondeoturkiye.com\/wp-content\/uploads\/2023\/04\/170026888_1912526555567105_7593314729747700647_n-300x225.jpg 300w, https:\/\/www.mondeoturkiye.com\/wp-content\/uploads\/2023\/04\/170026888_1912526555567105_7593314729747700647_n-1024x767.jpg 1024w, https:\/\/www.mondeoturkiye.com\/wp-content\/uploads\/2023\/04\/170026888_1912526555567105_7593314729747700647_n-768x575.jpg 768w, https:\/\/www.mondeoturkiye.com\/wp-content\/uploads\/2023\/04\/170026888_1912526555567105_7593314729747700647_n-1536x1150.jpg 1536w, https:\/\/www.mondeoturkiye.com\/wp-content\/uploads\/2023\/04\/170026888_1912526555567105_7593314729747700647_n-1320x988.jpg 1320w, https:\/\/www.mondeoturkiye.com\/wp-content\/uploads\/2023\/04\/170026888_1912526555567105_7593314729747700647_n-416x311.jpg 416w, https:\/\/www.mondeoturkiye.com\/wp-content\/uploads\/2023\/04\/170026888_1912526555567105_7593314729747700647_n.jpg 2048w\" sizes=\"(max-width: 300px) 100vw, 300px\" \/> <img loading=\"lazy\" decoding=\"async\" class=\"alignnone size-medium wp-image-335\" src=\"https:\/\/www.mondeoturkiye.com\/wp-content\/uploads\/2023\/04\/170171311_1912526388900455_4669879828639269168_n-223x300.jpg\" alt=\"\" width=\"223\" height=\"300\" srcset=\"https:\/\/www.mondeoturkiye.com\/wp-content\/uploads\/2023\/04\/170171311_1912526388900455_4669879828639269168_n-223x300.jpg 223w, https:\/\/www.mondeoturkiye.com\/wp-content\/uploads\/2023\/04\/170171311_1912526388900455_4669879828639269168_n-760x1024.jpg 760w, https:\/\/www.mondeoturkiye.com\/wp-content\/uploads\/2023\/04\/170171311_1912526388900455_4669879828639269168_n-768x1035.jpg 768w, https:\/\/www.mondeoturkiye.com\/wp-content\/uploads\/2023\/04\/170171311_1912526388900455_4669879828639269168_n-1140x1536.jpg 1140w, https:\/\/www.mondeoturkiye.com\/wp-content\/uploads\/2023\/04\/170171311_1912526388900455_4669879828639269168_n-1320x1779.jpg 1320w, https:\/\/www.mondeoturkiye.com\/wp-content\/uploads\/2023\/04\/170171311_1912526388900455_4669879828639269168_n-416x561.jpg 416w, https:\/\/www.mondeoturkiye.com\/wp-content\/uploads\/2023\/04\/170171311_1912526388900455_4669879828639269168_n.jpg 1520w\" sizes=\"(max-width: 223px) 100vw, 223px\" \/> <img loading=\"lazy\" decoding=\"async\" class=\"alignnone size-medium wp-image-336\" src=\"https:\/\/www.mondeoturkiye.com\/wp-content\/uploads\/2023\/04\/196322196_179465344183205_1536771115539353580_n-300x172.jpg\" alt=\"\" width=\"300\" height=\"172\" srcset=\"https:\/\/www.mondeoturkiye.com\/wp-content\/uploads\/2023\/04\/196322196_179465344183205_1536771115539353580_n-300x172.jpg 300w, https:\/\/www.mondeoturkiye.com\/wp-content\/uploads\/2023\/04\/196322196_179465344183205_1536771115539353580_n-1024x587.jpg 1024w, https:\/\/www.mondeoturkiye.com\/wp-content\/uploads\/2023\/04\/196322196_179465344183205_1536771115539353580_n-768x440.jpg 768w, https:\/\/www.mondeoturkiye.com\/wp-content\/uploads\/2023\/04\/196322196_179465344183205_1536771115539353580_n-416x238.jpg 416w, https:\/\/www.mondeoturkiye.com\/wp-content\/uploads\/2023\/04\/196322196_179465344183205_1536771115539353580_n.jpg 1080w\" sizes=\"(max-width: 300px) 100vw, 300px\" \/> <img loading=\"lazy\" decoding=\"async\" class=\"alignnone size-medium wp-image-337\" src=\"https:\/\/www.mondeoturkiye.com\/wp-content\/uploads\/2023\/04\/198337096_179465374183202_1772229002942753727_n-300x103.jpg\" alt=\"\" width=\"300\" height=\"103\" srcset=\"https:\/\/www.mondeoturkiye.com\/wp-content\/uploads\/2023\/04\/198337096_179465374183202_1772229002942753727_n-300x103.jpg 300w, https:\/\/www.mondeoturkiye.com\/wp-content\/uploads\/2023\/04\/198337096_179465374183202_1772229002942753727_n-1024x352.jpg 1024w, https:\/\/www.mondeoturkiye.com\/wp-content\/uploads\/2023\/04\/198337096_179465374183202_1772229002942753727_n-768x264.jpg 768w, https:\/\/www.mondeoturkiye.com\/wp-content\/uploads\/2023\/04\/198337096_179465374183202_1772229002942753727_n-416x143.jpg 416w, https:\/\/www.mondeoturkiye.com\/wp-content\/uploads\/2023\/04\/198337096_179465374183202_1772229002942753727_n.jpg 1080w\" sizes=\"(max-width: 300px) 100vw, 300px\" \/><\/p>\n","protected":false},"excerpt":{"rendered":"<p>\u00dcR\u00dcN BOYASIZ GELMEKTED\u0130R. B\u0130R\u0130NC\u0130 SINIF F\u0130BER MALZEMEDEN YAPILMI\u015e. BAGAJIN HEM ARKASINI, HEM \u00dcST\u00dcN\u00dc SARMAKTADIR.<\/p>\n","protected":false},"featured_media":336,"comment_status":"open","ping_status":"closed","template":"","meta":{"_joinchat":[]},"product_brand":[],"product_cat":[41],"product_tag":[],"class_list":{"0":"post-320","1":"product","2":"type-product","3":"status-publish","4":"has-post-thumbnail","6":"product_cat-mondeo-2-yedek-parca","8":"first","9":"instock","10":"shipping-taxable","11":"purchasable","12":"product-type-simple"},"jetpack_sharing_enabled":true,"_links":{"self":[{"href":"https:\/\/www.mondeoturkiye.com\/index.php?rest_route=\/wp\/v2\/product\/320","targetHints":{"allow":["GET"]}}],"collection":[{"href":"https:\/\/www.mondeoturkiye.com\/index.php?rest_route=\/wp\/v2\/product"}],"about":[{"href":"https:\/\/www.mondeoturkiye.com\/index.php?rest_route=\/wp\/v2\/types\/product"}],"replies":[{"embeddable":true,"href":"https:\/\/www.mondeoturkiye.com\/index.php?rest_route=%2Fwp%2Fv2%2Fcomments&post=320"}],"wp:featuredmedia":[{"embeddable":true,"href":"https:\/\/www.mondeoturkiye.com\/index.php?rest_route=\/wp\/v2\/media\/336"}],"wp:attachment":[{"href":"https:\/\/www.mondeoturkiye.com\/index.php?rest_route=%2Fwp%2Fv2%2Fmedia&parent=320"}],"wp:term":[{"taxonomy":"product_brand","embeddable":true,"href":"https:\/\/www.mondeoturkiye.com\/index.php?rest_route=%2Fwp%2Fv2%2Fproduct_brand&post=320"},{"taxonomy":"product_cat","embeddable":true,"href":"https:\/\/www.mondeoturkiye.com\/index.php?rest_route=%2Fwp%2Fv2%2Fproduct_cat&post=320"},{"taxonomy":"product_tag","embeddable":true,"href":"https:\/\/www.mondeoturkiye.com\/index.php?rest_route=%2Fwp%2Fv2%2Fproduct_tag&post=320"}],"curies":[{"name":"wp","href":"https:\/\/api.w.org\/{rel}","templated":true}]}}