{"id":430,"date":"2023-07-25T11:46:27","date_gmt":"2023-07-25T11:46:27","guid":{"rendered":"https:\/\/www.mondeoturkiye.com\/?post_type=product&#038;p=430"},"modified":"2025-06-24T09:50:20","modified_gmt":"2025-06-24T09:50:20","slug":"mondeo-mk3-tdci-alternator-hareketli-rulman","status":"publish","type":"product","link":"https:\/\/www.mondeoturkiye.com\/?product=mondeo-mk3-tdci-alternator-hareketli-rulman","title":{"rendered":"MONDEO MK3 TDCI ALTERNATOR HAREKETL\u0130 RULMAN"},"content":{"rendered":"<p>MONDEO MK3 ARA\u00c7LAR \u0130\u00c7\u0130N TASARLANAN YEN\u0130 NES\u0130L ALTERNATOR HAREKETL\u0130 RULMAN SAYES\u0130NDE V KAYI\u015eI GERG\u0130 SALINIMINI TAMAMEN ALMAKTADIR. A\u015eA\u011eIDAK\u0130 V\u0130DEO DA NASIL B\u0130R ETK\u0130 SA\u011eLADI\u011eI HAKKINDA G\u00d6RSELLER MEVCUTTUR. ARTAN PAR\u00c7A MAL\u0130YETLER\u0130 VE MONDEO MK3 ARA\u00c7LARIMIZ DA S\u00dcREKL\u0130 KRANK KASNA\u011eI, GERG\u0130 K\u00dcT\u00dc\u011e\u00dc, V KAYI\u015e UZAMASI G\u0130B\u0130 ARIZALARA SEBEP OLDU\u011eU \u0130\u00c7\u0130N ARA\u00c7LAR S\u00dcREKL\u0130 SESL\u0130 VE RAHATSIZ ED\u0130C\u0130 \u00c7ALI\u015eMAKTADIR. BU \u00dcR\u00dcN OLU\u015eACAK ARIZALARI ENGELLEMEK VE PAR\u00c7ALARIN \u00d6MR\u00dcN\u00dc UZATMAK \u0130\u00c7\u0130N SON DERECE \u00d6NEML\u0130D\u0130R.<\/p>\n<p><iframe title=\"YouTube video player\" src=\"https:\/\/www.youtube.com\/embed\/4EXYP1CmL9Q\" width=\"560\" height=\"315\" frameborder=\"0\" allowfullscreen=\"allowfullscreen\"><\/iframe><\/p>\n","protected":false},"excerpt":{"rendered":"<p>MONDEO MK3 ARA\u00c7LAR \u0130\u00c7\u0130N TASARLANAN YEN\u0130 NES\u0130L ALTERNATOR HAREKETL\u0130 RULMAN SAYES\u0130NDE V KAYI\u015eI GERG\u0130 SALINIMINI TAMAMEN ALMAKTADIR. A\u015eA\u011eIDAK\u0130 V\u0130DEO DA NASIL B\u0130R ETK\u0130 SA\u011eLADI\u011eI HAKKINDA G\u00d6RSELLER MEVCUTTUR. ARTAN PAR\u00c7A MAL\u0130YETLER\u0130 VE MONDEO MK3 ARA\u00c7LARIMIZ DA S\u00dcREKL\u0130 KRANK KASNA\u011eI, GERG\u0130 K\u00dcT\u00dc\u011e\u00dc, V KAYI\u015e UZAMASI G\u0130B\u0130 ARIZALARA SEBEP OLDU\u011eU \u0130\u00c7\u0130N ARA\u00c7LAR S\u00dcREKL\u0130 SESL\u0130 VE RAHATSIZ ED\u0130C\u0130 \u00c7ALI\u015eMAKTADIR. [&hellip;]<\/p>\n","protected":false},"featured_media":432,"comment_status":"open","ping_status":"closed","template":"","meta":{"_joinchat":[]},"product_brand":[],"product_cat":[41],"product_tag":[],"class_list":{"0":"post-430","1":"product","2":"type-product","3":"status-publish","4":"has-post-thumbnail","6":"product_cat-mondeo-2-yedek-parca","8":"first","9":"instock","10":"shipping-taxable","11":"purchasable","12":"product-type-simple"},"jetpack_sharing_enabled":true,"_links":{"self":[{"href":"https:\/\/www.mondeoturkiye.com\/index.php?rest_route=\/wp\/v2\/product\/430","targetHints":{"allow":["GET"]}}],"collection":[{"href":"https:\/\/www.mondeoturkiye.com\/index.php?rest_route=\/wp\/v2\/product"}],"about":[{"href":"https:\/\/www.mondeoturkiye.com\/index.php?rest_route=\/wp\/v2\/types\/product"}],"replies":[{"embeddable":true,"href":"https:\/\/www.mondeoturkiye.com\/index.php?rest_route=%2Fwp%2Fv2%2Fcomments&post=430"}],"wp:featuredmedia":[{"embeddable":true,"href":"https:\/\/www.mondeoturkiye.com\/index.php?rest_route=\/wp\/v2\/media\/432"}],"wp:attachment":[{"href":"https:\/\/www.mondeoturkiye.com\/index.php?rest_route=%2Fwp%2Fv2%2Fmedia&parent=430"}],"wp:term":[{"taxonomy":"product_brand","embeddable":true,"href":"https:\/\/www.mondeoturkiye.com\/index.php?rest_route=%2Fwp%2Fv2%2Fproduct_brand&post=430"},{"taxonomy":"product_cat","embeddable":true,"href":"https:\/\/www.mondeoturkiye.com\/index.php?rest_route=%2Fwp%2Fv2%2Fproduct_cat&post=430"},{"taxonomy":"product_tag","embeddable":true,"href":"https:\/\/www.mondeoturkiye.com\/index.php?rest_route=%2Fwp%2Fv2%2Fproduct_tag&post=430"}],"curies":[{"name":"wp","href":"https:\/\/api.w.org\/{rel}","templated":true}]}}