{"id":454,"date":"2023-12-04T10:57:25","date_gmt":"2023-12-04T10:57:25","guid":{"rendered":"https:\/\/www.mondeoturkiye.com\/?post_type=product&#038;p=454"},"modified":"2025-07-22T09:27:07","modified_gmt":"2025-07-22T09:27:07","slug":"mondeo-mk3-reflektorlu-arka-tampon-eki","status":"publish","type":"product","link":"https:\/\/www.mondeoturkiye.com\/?product=mondeo-mk3-reflektorlu-arka-tampon-eki","title":{"rendered":"MONDEO MK3 REFLEKT\u00d6RL\u00dc ARKA TAMPON EK\u0130"},"content":{"rendered":"<p>\u00dcR\u00dcN BOYASIZ GELMEKTED\u0130R. B\u0130R\u0130NC\u0130 SINIF F\u0130BER MALZEMEDEN YAPILMI\u015e. REFLEKT\u00d6RL\u00dc ARKA TAMPON EK\u0130.<\/p>\n<p>REFLEKT\u00d6R \u0130LE BERABER GELMEKTED\u0130R.<\/p>\n<p><img fetchpriority=\"high\" decoding=\"async\" class=\"alignnone  wp-image-455\" src=\"https:\/\/www.mondeoturkiye.com\/wp-content\/uploads\/2023\/12\/395442723_849653717164361_472366924406035725_n-300x145.jpg\" alt=\"\" width=\"362\" height=\"175\" srcset=\"https:\/\/www.mondeoturkiye.com\/wp-content\/uploads\/2023\/12\/395442723_849653717164361_472366924406035725_n-300x145.jpg 300w, https:\/\/www.mondeoturkiye.com\/wp-content\/uploads\/2023\/12\/395442723_849653717164361_472366924406035725_n-416x200.jpg 416w, https:\/\/www.mondeoturkiye.com\/wp-content\/uploads\/2023\/12\/395442723_849653717164361_472366924406035725_n.jpg 720w\" sizes=\"(max-width: 362px) 100vw, 362px\" \/><\/p>\n","protected":false},"excerpt":{"rendered":"<p>\u00dcR\u00dcN BOYASIZ GELMEKTED\u0130R. B\u0130R\u0130NC\u0130 SINIF F\u0130BER MALZEMEDEN YAPILMI\u015e. REFLEKT\u00d6RL\u00dc ARKA TAMPON EK\u0130. REFLEKT\u00d6R \u0130LE BERABER GELMEKTED\u0130R.<\/p>\n","protected":false},"featured_media":455,"comment_status":"open","ping_status":"closed","template":"","meta":{"_joinchat":[]},"product_brand":[],"product_cat":[41],"product_tag":[],"class_list":{"0":"post-454","1":"product","2":"type-product","3":"status-publish","4":"has-post-thumbnail","6":"product_cat-mondeo-2-yedek-parca","8":"first","9":"instock","10":"shipping-taxable","11":"purchasable","12":"product-type-simple"},"jetpack_sharing_enabled":true,"_links":{"self":[{"href":"https:\/\/www.mondeoturkiye.com\/index.php?rest_route=\/wp\/v2\/product\/454","targetHints":{"allow":["GET"]}}],"collection":[{"href":"https:\/\/www.mondeoturkiye.com\/index.php?rest_route=\/wp\/v2\/product"}],"about":[{"href":"https:\/\/www.mondeoturkiye.com\/index.php?rest_route=\/wp\/v2\/types\/product"}],"replies":[{"embeddable":true,"href":"https:\/\/www.mondeoturkiye.com\/index.php?rest_route=%2Fwp%2Fv2%2Fcomments&post=454"}],"wp:featuredmedia":[{"embeddable":true,"href":"https:\/\/www.mondeoturkiye.com\/index.php?rest_route=\/wp\/v2\/media\/455"}],"wp:attachment":[{"href":"https:\/\/www.mondeoturkiye.com\/index.php?rest_route=%2Fwp%2Fv2%2Fmedia&parent=454"}],"wp:term":[{"taxonomy":"product_brand","embeddable":true,"href":"https:\/\/www.mondeoturkiye.com\/index.php?rest_route=%2Fwp%2Fv2%2Fproduct_brand&post=454"},{"taxonomy":"product_cat","embeddable":true,"href":"https:\/\/www.mondeoturkiye.com\/index.php?rest_route=%2Fwp%2Fv2%2Fproduct_cat&post=454"},{"taxonomy":"product_tag","embeddable":true,"href":"https:\/\/www.mondeoturkiye.com\/index.php?rest_route=%2Fwp%2Fv2%2Fproduct_tag&post=454"}],"curies":[{"name":"wp","href":"https:\/\/api.w.org\/{rel}","templated":true}]}}