{"id":542,"date":"2024-04-16T07:27:08","date_gmt":"2024-04-16T07:27:08","guid":{"rendered":"https:\/\/www.mondeoturkiye.com\/?post_type=product&#038;p=542"},"modified":"2025-12-19T08:56:46","modified_gmt":"2025-12-19T08:56:46","slug":"mondeo-mk4-far-cami-takim-2008-2014","status":"publish","type":"product","link":"https:\/\/www.mondeoturkiye.com\/?product=mondeo-mk4-far-cami-takim-2008-2014","title":{"rendered":"MONDEO MK4 FAR CAMI TAKIM 2008-2014"},"content":{"rendered":"<p>2008 VE 2014 MODELLER\u0130 ARASI MERCKL\u0130 VE MERCEKS\u0130Z T\u00dcM MK4 MODELLER\u0130NE UYUMLU FAR CAMI.<\/p>\n<p>PAKET \u0130\u00c7ER\u0130\u011e\u0130 SA\u011e FAR CAMI SOL FAR CAMI TAKIM GEL\u0130R.<\/p>\n<p>&nbsp;<\/p>\n","protected":false},"excerpt":{"rendered":"<p>2008 VE 2014 MODELLER\u0130 ARASI MERCKL\u0130 VE MERCEKS\u0130Z T\u00dcM MK4 MODELLER\u0130NE UYUMLU FAR CAMI. PAKET \u0130\u00c7ER\u0130\u011e\u0130 SA\u011e FAR CAMI SOL FAR CAMI TAKIM GEL\u0130R. &nbsp;<\/p>\n","protected":false},"featured_media":543,"comment_status":"open","ping_status":"closed","template":"","meta":{"_joinchat":[]},"product_brand":[],"product_cat":[42,38,15],"product_tag":[],"class_list":{"0":"post-542","1":"product","2":"type-product","3":"status-publish","4":"has-post-thumbnail","6":"product_cat-mondeo-4","7":"product_cat-yedek-parca","8":"product_cat-far-aydinlatma","10":"first","11":"instock","12":"shipping-taxable","13":"purchasable","14":"product-type-simple"},"jetpack_sharing_enabled":true,"_links":{"self":[{"href":"https:\/\/www.mondeoturkiye.com\/index.php?rest_route=\/wp\/v2\/product\/542","targetHints":{"allow":["GET"]}}],"collection":[{"href":"https:\/\/www.mondeoturkiye.com\/index.php?rest_route=\/wp\/v2\/product"}],"about":[{"href":"https:\/\/www.mondeoturkiye.com\/index.php?rest_route=\/wp\/v2\/types\/product"}],"replies":[{"embeddable":true,"href":"https:\/\/www.mondeoturkiye.com\/index.php?rest_route=%2Fwp%2Fv2%2Fcomments&post=542"}],"wp:featuredmedia":[{"embeddable":true,"href":"https:\/\/www.mondeoturkiye.com\/index.php?rest_route=\/wp\/v2\/media\/543"}],"wp:attachment":[{"href":"https:\/\/www.mondeoturkiye.com\/index.php?rest_route=%2Fwp%2Fv2%2Fmedia&parent=542"}],"wp:term":[{"taxonomy":"product_brand","embeddable":true,"href":"https:\/\/www.mondeoturkiye.com\/index.php?rest_route=%2Fwp%2Fv2%2Fproduct_brand&post=542"},{"taxonomy":"product_cat","embeddable":true,"href":"https:\/\/www.mondeoturkiye.com\/index.php?rest_route=%2Fwp%2Fv2%2Fproduct_cat&post=542"},{"taxonomy":"product_tag","embeddable":true,"href":"https:\/\/www.mondeoturkiye.com\/index.php?rest_route=%2Fwp%2Fv2%2Fproduct_tag&post=542"}],"curies":[{"name":"wp","href":"https:\/\/api.w.org\/{rel}","templated":true}]}}